{"id":7700,"date":"2020-02-20T23:42:26","date_gmt":"2020-02-20T23:42:26","guid":{"rendered":"http:\/\/vbs.ist\/?page_id=2"},"modified":"2024-06-07T12:45:08","modified_gmt":"2024-06-07T09:45:08","slug":"anasayfa","status":"publish","type":"page","link":"https:\/\/lfs.ist\/","title":{"rendered":"Anasayfa"},"content":{"rendered":"<div class=\"wpb-content-wrapper\"><p>[vc_row wrap_container=&#8221;yes&#8221; no_padding=&#8221;yes&#8221; css=&#8221;.vc_custom_1716895329618{margin-top: 0px !important;}&#8221; conditional_render=&#8221;%5B%7B%22value_role%22%3A%22administrator%22%7D%5D&#8221;][vc_column]<div class=\"porto-carousel owl-carousel home-slider mb-0 porto-standable-carousel wpb_custom_c86c2fb53cae9eced42d4b8900a042f3 nav-pos-outside nav-style-4 show-nav-hover\" data-plugin-options=\"{&quot;themeConfig&quot;:true,&quot;stagePadding&quot;:0,&quot;margin&quot;:0,&quot;autoplay&quot;:&quot;yes&quot;,&quot;mouseDrag&quot;:true,&quot;touchDrag&quot;:true,&quot;autoplayTimeout&quot;:5000,&quot;autoplayHoverPause&quot;:false,&quot;items&quot;:1,&quot;xl&quot;:1,&quot;lg&quot;:1,&quot;md&quot;:1,&quot;sm&quot;:1,&quot;xs&quot;:1,&quot;nav&quot;:&quot;yes&quot;,&quot;dots&quot;:false,&quot;animateIn&quot;:&quot;&quot;,&quot;animateOut&quot;:&quot;fadeOut&quot;,&quot;loop&quot;:&quot;yes&quot;,&quot;center&quot;:false,&quot;video&quot;:false,&quot;lazyLoad&quot;:false,&quot;fullscreen&quot;:false}\"><div id=\"interactive-banner-wrap-8smp\" class=\"porto-ibanner vc_custom_1717679784626 mb-0\" style=\"min-height:400px;\"><img loading=\"lazy\" decoding=\"async\" alt=\"\" width=\"886\" height=\"403\" class=\"porto-ibanner-img\" src=\"https:\/\/lfs.ist\/wp-content\/uploads\/2024\/06\/slid-1.jpg\"><div class=\"porto-ibanner-desc no-padding d-flex\"><div class=\"porto-ibanner-layer text-end wpb_custom_2c5109c031829f9c54153ed0e6239ff6 banner-pos-6b225b9743a3a2ea274b275c77aae01c\"><style>.banner-pos-6b225b9743a3a2ea274b275c77aae01c {left:12%;right: unset;top: 50%;bottom: unset;transform: translateY(-50%);}<\/style><\/div><\/div><\/div><div id=\"interactive-banner-wrap-w0qb\" class=\"porto-ibanner vc_custom_1717679793333 mb-0\" style=\"min-height:400px;\"><img loading=\"lazy\" decoding=\"async\" alt=\"\" width=\"886\" height=\"403\" class=\"porto-ibanner-img\" src=\"https:\/\/lfs.ist\/wp-content\/uploads\/2024\/06\/slid-2.jpg\"><div class=\"porto-ibanner-desc no-padding d-flex\"><div class=\"porto-ibanner-layer text-end wpb_custom_2c5109c031829f9c54153ed0e6239ff6 banner-pos-6b225b9743a3a2ea274b275c77aae01c\"><style>.banner-pos-6b225b9743a3a2ea274b275c77aae01c {left:12%;right: unset;top: 50%;bottom: unset;transform: translateY(-50%);}<\/style><\/div><\/div><\/div><div id=\"interactive-banner-wrap-qd4n\" class=\"porto-ibanner vc_custom_1717679803397 mb-0\" style=\"min-height:400px;\"><img loading=\"lazy\" decoding=\"async\" alt=\"\" width=\"886\" height=\"403\" class=\"porto-ibanner-img\" src=\"https:\/\/lfs.ist\/wp-content\/uploads\/2024\/06\/slid-3.jpg\"><div class=\"porto-ibanner-desc no-padding d-flex\"><div class=\"porto-ibanner-layer text-end wpb_custom_2c5109c031829f9c54153ed0e6239ff6 banner-pos-6b225b9743a3a2ea274b275c77aae01c\"><style>.banner-pos-6b225b9743a3a2ea274b275c77aae01c {left:12%;right: unset;top: 50%;bottom: unset;transform: translateY(-50%);}<\/style><\/div><\/div><\/div><\/div>[vc_empty_space][\/vc_column][\/vc_row][vc_row][vc_column width=&#8221;1\/3&#8243; el_class=&#8221;m-b-md&#8221; conditional_render=&#8221;%5B%7B%22value_role%22%3A%22administrator%22%7D%5D&#8221;]<div class=\"porto-ultimate-content-box-container \"><style>#porto_ucb_1449{will-change: box-shadow;box-shadow: none;}#porto_ucb_1449:hover{box-shadow:0px 0px 30px 0px rgba(0,0,0,0.1)}<\/style><div class=\"porto-ultimate-content-box vc_custom_1717745380143 has-content-pos justify-content-center\" style=\"background-image:url(&#039;https:\/\/lfs.ist\/wp-content\/uploads\/2024\/06\/l-1.jpg&#039;);background-size: cover;background-repeat: repeat;background-position: center center;background-color: rgba(0, 0, 0, 0);min-height:170px;\" id=\"porto_ucb_1449\"><\/div><\/div>[vc_custom_heading text=&#8221;PLAST\u0130K KABLO KANALLARI&#8221; font_container=&#8221;tag:h2|font_size:16|text_align:center&#8221; use_theme_fonts=&#8221;yes&#8221; css=&#8221;.vc_custom_1717745327271{margin-bottom: 0px !important;}&#8221;][\/vc_column][vc_column width=&#8221;1\/3&#8243; el_class=&#8221;m-b-md&#8221; conditional_render=&#8221;%5B%7B%22value_role%22%3A%22administrator%22%7D%5D&#8221;]<div class=\"porto-ultimate-content-box-container \"><style>#porto_ucb_3762{will-change: box-shadow;box-shadow: none;}#porto_ucb_3762:hover{box-shadow:0px 0px 30px 0px rgba(0,0,0,0.1)}<\/style><div class=\"porto-ultimate-content-box vc_custom_1717745389895 has-content-pos justify-content-center\" style=\"background-image:url(&#039;https:\/\/lfs.ist\/wp-content\/uploads\/2024\/06\/l-2.jpg&#039;);background-size: cover;background-repeat: repeat;background-position: center center;background-color: rgba(0, 0, 0, 0);border:14px solid #e7e7e7;min-height:170px;\" id=\"porto_ucb_3762\"><\/div><\/div>[vc_custom_heading text=&#8221;RAP\u0130D 80 SER\u0130S\u0130&#8221; font_container=&#8221;tag:h2|font_size:16|text_align:center&#8221; use_theme_fonts=&#8221;yes&#8221; css=&#8221;.vc_custom_1717745341615{margin-bottom: 0px !important;}&#8221;][\/vc_column][vc_column width=&#8221;1\/3&#8243; el_class=&#8221;m-b-md&#8221; conditional_render=&#8221;%5B%7B%22value_role%22%3A%22administrator%22%7D%5D&#8221;]<div class=\"porto-ultimate-content-box-container \"><style>#porto_ucb_7273{will-change: box-shadow;box-shadow: none;}#porto_ucb_7273:hover{box-shadow:0px 0px 30px 0px rgba(0,0,0,0.1)}<\/style><div class=\"porto-ultimate-content-box vc_custom_1717745399104 has-content-pos justify-content-center\" style=\"background-image:url(&#039;https:\/\/lfs.ist\/wp-content\/uploads\/2024\/06\/l-3.jpg&#039;);background-size: cover;background-repeat: repeat;background-position: center center;background-color: rgba(0, 0, 0, 0);min-height:170px;\" id=\"porto_ucb_7273\"><\/div><\/div>[vc_custom_heading text=&#8221;RAP\u0130D 45 SER\u0130S\u0130&#8221; font_container=&#8221;tag:h2|font_size:16|text_align:center&#8221; use_theme_fonts=&#8221;yes&#8221; css=&#8221;.vc_custom_1717745351775{margin-bottom: 0px !important;}&#8221;][\/vc_column][\/vc_row][vc_row][vc_column][vc_row_inner css=&#8221;.vc_custom_1715768867977{margin-right: 3px !important;margin-left: 3px !important;background-color: #f4f4f4 !important;}&#8221;][vc_column_inner][vc_empty_space][vc_custom_heading text=&#8221;OBO BETTERMANN &#8211; LFS \u00dcR\u00dcN GRUBU&#8221; font_container=&#8221;tag:h2|font_size:16px|text_align:center|line_height:1.3em&#8221; use_theme_fonts=&#8221;yes&#8221; css=&#8221;.vc_custom_1717679816779{padding-top: 0px !important;}&#8221; font_weight=&#8221;600&#8243; letter_spacing=&#8221;-0.16px&#8221; show_border=&#8221;yes&#8221; border_size=&#8221;xs&#8221; border_color=&#8221;#e7e7e7&#8243;][vc_column_text css=&#8221;&#8221;]<\/p>\n<p style=\"text-align: center;\">LFS &#8211; Kablo D\u00f6\u015feme Sistemleri<\/p>\n<p>[\/vc_column_text][\/vc_column_inner][\/vc_row_inner][vc_empty_space][\/vc_column][\/vc_row][vc_row][vc_column][vc_single_image image=&#8221;8418&#8243; img_size=&#8221;large&#8221; onclick=&#8221;link_image&#8221; css=&#8221;&#8221;][\/vc_column][\/vc_row]<\/p>\n<\/div>","protected":false},"excerpt":{"rendered":"<p>[vc_row wrap_container=&#8221;yes&#8221; no_padding=&#8221;yes&#8221; css=&#8221;.vc_custom_1716895329618{margin-top: 0px !important;}&#8221; conditional_render=&#8221;%5B%7B%22value_role%22%3A%22administrator%22%7D%5D&#8221;][vc_column][vc_empty_space][\/vc_column][\/vc_row][vc_row][vc_column width=&#8221;1\/3&#8243; el_class=&#8221;m-b-md&#8221; conditional_render=&#8221;%5B%7B%22value_role%22%3A%22administrator%22%7D%5D&#8221;][vc_custom_heading text=&#8221;PLAST\u0130K KABLO KANALLARI&#8221; font_container=&#8221;tag:h2|font_size:16|text_align:center&#8221; use_theme_fonts=&#8221;yes&#8221; css=&#8221;.vc_custom_1717745327271{margin-bottom: 0px !important;}&#8221;][\/vc_column][vc_column width=&#8221;1\/3&#8243; el_class=&#8221;m-b-md&#8221; conditional_render=&#8221;%5B%7B%22value_role%22%3A%22administrator%22%7D%5D&#8221;][vc_custom_heading text=&#8221;RAP\u0130D 80 SER\u0130S\u0130&#8221; font_container=&#8221;tag:h2|font_size:16|text_align:center&#8221; use_theme_fonts=&#8221;yes&#8221; css=&#8221;.vc_custom_1717745341615{margin-bottom: 0px !important;}&#8221;][\/vc_column][vc_column width=&#8221;1\/3&#8243; el_class=&#8221;m-b-md&#8221; conditional_render=&#8221;%5B%7B%22value_role%22%3A%22administrator%22%7D%5D&#8221;][vc_custom_heading text=&#8221;RAP\u0130D 45 SER\u0130S\u0130&#8221; font_container=&#8221;tag:h2|font_size:16|text_align:center&#8221; use_theme_fonts=&#8221;yes&#8221; css=&#8221;.vc_custom_1717745351775{margin-bottom: 0px !important;}&#8221;][\/vc_column][\/vc_row][vc_row][vc_column][vc_row_inner css=&#8221;.vc_custom_1715768867977{margin-right: 3px !important;margin-left: 3px !important;background-color: #f4f4f4 !important;}&#8221;][vc_column_inner][vc_empty_space][vc_custom_heading text=&#8221;OBO BETTERMANN &#8211; LFS \u00dcR\u00dcN GRUBU&#8221; font_container=&#8221;tag:h2|font_size:16px|text_align:center|line_height:1.3em&#8221; use_theme_fonts=&#8221;yes&#8221; [&hellip;]<\/p>\n","protected":false},"author":1,"featured_media":0,"parent":0,"menu_order":0,"comment_status":"closed","ping_status":"closed","template":"","meta":{"footnotes":""},"class_list":["post-7700","page","type-page","status-publish","hentry"],"_links":{"self":[{"href":"https:\/\/lfs.ist\/index.php?rest_route=\/wp\/v2\/pages\/7700","targetHints":{"allow":["GET"]}}],"collection":[{"href":"https:\/\/lfs.ist\/index.php?rest_route=\/wp\/v2\/pages"}],"about":[{"href":"https:\/\/lfs.ist\/index.php?rest_route=\/wp\/v2\/types\/page"}],"author":[{"embeddable":true,"href":"https:\/\/lfs.ist\/index.php?rest_route=\/wp\/v2\/users\/1"}],"replies":[{"embeddable":true,"href":"https:\/\/lfs.ist\/index.php?rest_route=%2Fwp%2Fv2%2Fcomments&post=7700"}],"version-history":[{"count":9,"href":"https:\/\/lfs.ist\/index.php?rest_route=\/wp\/v2\/pages\/7700\/revisions"}],"predecessor-version":[{"id":8520,"href":"https:\/\/lfs.ist\/index.php?rest_route=\/wp\/v2\/pages\/7700\/revisions\/8520"}],"wp:attachment":[{"href":"https:\/\/lfs.ist\/index.php?rest_route=%2Fwp%2Fv2%2Fmedia&parent=7700"}],"curies":[{"name":"wp","href":"https:\/\/api.w.org\/{rel}","templated":true}]}}